{"id":176,"date":"2024-10-11T16:49:40","date_gmt":"2024-10-11T14:49:40","guid":{"rendered":"http:\/\/biocloner-sklep.local\/?page_id=176"},"modified":"2026-03-16T13:39:14","modified_gmt":"2026-03-16T12:39:14","slug":"polityka-prywatnosci","status":"publish","type":"page","link":"https:\/\/bioclonerhealth.com\/en\/polityka-prywatnosci\/","title":{"rendered":"Privacy Policy"},"content":{"rendered":"<p>1. The administrator of personal data is&nbsp;<strong>BioClonerHealth sp. z o.o.<\/strong><\/p><p>2. Sp\u00f3\u0142ka ze wzgl\u0119du na brak obowi\u0105zku nie wyznaczy\u0142a Inspektora Ochrony Danych. Wszelkie sprawy dotycz\u0105ce ochrony danych osobowych mo\u017cna kierowa\u0107 na adres mailowy: biuro@bioclonerhealth.com.<\/p><p>3. The transferred personal data will be processed for the purpose of providing services, servicing applications and providing response to applications;<\/p><p>4. Categories of personal data include, among others name and surname, telephone number, e-mail address, address, data dedicated to the process\/service\/project;<\/p><p>5. Your personal data may be transferred to entities processing personal data on behalf of the Administrator: IT service providers;<\/p><p>6. Your personal data will be stored for the period of the legitimate interest of the Administrator, unless you express opposition to data processing;<\/p><p>7. Your data will not be transferred to a third country or an international organization;<\/p><p>8. You have the right to access the content of your data and the right to rectify, delete, limit processing, the right to transfer data, the right to object, the right to withdraw consent at any time without affecting the lawfulness of processing based on consent before its withdrawal;<\/p><p>9. You have the right to lodge a complaint with the supervisory authority responsible for the protection of personal data, which is the President of the Office for Personal Data Protection, if you believe that the processing of your personal data violates the provisions of the Act of 10 May 2018 on the Protection of Personal Data (consolidated text, Journal of Laws of 2018, item 1000) or the provisions of Regulation (EU) 2016\/679 of the European Parliament and of the Council of 27 April 2016 on the protection of natural persons with regard to the processing of personal data and on the free movement of such data, and repealing Directive 95\/46\/EC (General Data Protection Regulation) of 27 April 2016 (OJ EU.L No. 119, p. 1);<\/p><p>10. The data provided by you will not be subject to automated decision-making or profiling;<\/p><p>11. The data originate from the data subjects;<\/p><p>12. Providing your personal data is voluntary;<\/p>","protected":false},"excerpt":{"rendered":"<p>1. Administratorem danych osobowych jest&nbsp;BioClonerHealth sp. z o.o. 2. Sp\u00f3\u0142ka ze wzgl\u0119du na brak obowi\u0105zku nie wyznaczy\u0142a Inspektora Ochrony Danych. Wszelkie sprawy dotycz\u0105ce ochrony danych osobowych mo\u017cna kierowa\u0107 na adres mailowy: biuro@bioclonerhealth.com. 3. Przekazane dane osobowe przetwarzane b\u0119d\u0105 w celu realizacji us\u0142ug, obs\u0142ugi zg\u0142osze\u0144 i udzielania odpowiedzi na zg\u0142oszenia; 4. Kategorie danych osobowych obejmuj\u0105 m.in.<a href=\"https:\/\/bioclonerhealth.com\/en\/polityka-prywatnosci\/\">Continue reading <span class=\"sr-only\">&#8222;Polityka prywatno\u015bci&#8221;<\/span><\/a><\/p>","protected":false},"author":3,"featured_media":0,"parent":0,"menu_order":0,"comment_status":"closed","ping_status":"closed","template":"template-pages\/privacy-policy.php","meta":{"_acf_changed":false,"footnotes":""},"class_list":["post-176","page","type-page","status-publish","hentry"],"acf":[],"yoast_head":"<!-- This site is optimized with the Yoast SEO plugin v24.4 - https:\/\/yoast.com\/wordpress\/plugins\/seo\/ -->\n<title>Polityka prywatno\u015bci - BioCloner Health<\/title>\n<meta name=\"robots\" content=\"index, follow, max-snippet:-1, max-image-preview:large, max-video-preview:-1\" \/>\n<link rel=\"canonical\" href=\"https:\/\/bioclonerhealth.com\/en\/polityka-prywatnosci\/\" \/>\n<meta property=\"og:locale\" content=\"en_GB\" \/>\n<meta property=\"og:type\" content=\"article\" \/>\n<meta property=\"og:title\" content=\"Polityka prywatno\u015bci - BioCloner Health\" \/>\n<meta property=\"og:description\" content=\"1. Administratorem danych osobowych jest&nbsp;BioClonerHealth sp. z o.o. 2. Sp\u00f3\u0142ka ze wzgl\u0119du na brak obowi\u0105zku nie wyznaczy\u0142a Inspektora Ochrony Danych. Wszelkie sprawy dotycz\u0105ce ochrony danych osobowych mo\u017cna kierowa\u0107 na adres mailowy: biuro@bioclonerhealth.com. 3. Przekazane dane osobowe przetwarzane b\u0119d\u0105 w celu realizacji us\u0142ug, obs\u0142ugi zg\u0142osze\u0144 i udzielania odpowiedzi na zg\u0142oszenia; 4. Kategorie danych osobowych obejmuj\u0105 m.in.Continue reading &quot;Polityka prywatno\u015bci&quot;\" \/>\n<meta property=\"og:url\" content=\"https:\/\/bioclonerhealth.com\/en\/polityka-prywatnosci\/\" \/>\n<meta property=\"og:site_name\" content=\"BioCloner Health\" \/>\n<meta property=\"article:modified_time\" content=\"2026-03-16T12:39:14+00:00\" \/>\n<meta property=\"og:image\" content=\"https:\/\/bioclonerhealth.com\/wp-content\/uploads\/2025\/02\/image3.jpg\" \/>\n\t<meta property=\"og:image:width\" content=\"676\" \/>\n\t<meta property=\"og:image:height\" content=\"486\" \/>\n\t<meta property=\"og:image:type\" content=\"image\/jpeg\" \/>\n<meta name=\"twitter:card\" content=\"summary_large_image\" \/>\n<meta name=\"twitter:label1\" content=\"Estimated reading time\" \/>\n\t<meta name=\"twitter:data1\" content=\"2 minutes\" \/>\n<script type=\"application\/ld+json\" class=\"yoast-schema-graph\">{\"@context\":\"https:\/\/schema.org\",\"@graph\":[{\"@type\":\"WebPage\",\"@id\":\"https:\/\/bioclonerhealth.com\/polityka-prywatnosci\/\",\"url\":\"https:\/\/bioclonerhealth.com\/polityka-prywatnosci\/\",\"name\":\"Polityka prywatno\u015bci - BioCloner Health\",\"isPartOf\":{\"@id\":\"https:\/\/bioclonerhealth.com\/#website\"},\"datePublished\":\"2024-10-11T14:49:40+00:00\",\"dateModified\":\"2026-03-16T12:39:14+00:00\",\"breadcrumb\":{\"@id\":\"https:\/\/bioclonerhealth.com\/polityka-prywatnosci\/#breadcrumb\"},\"inLanguage\":\"en-GB\",\"potentialAction\":[{\"@type\":\"ReadAction\",\"target\":[\"https:\/\/bioclonerhealth.com\/polityka-prywatnosci\/\"]}]},{\"@type\":\"BreadcrumbList\",\"@id\":\"https:\/\/bioclonerhealth.com\/polityka-prywatnosci\/#breadcrumb\",\"itemListElement\":[{\"@type\":\"ListItem\",\"position\":1,\"name\":\"Strona g\u0142\u00f3wna\",\"item\":\"https:\/\/bioclonerhealth.com\/en\/\"},{\"@type\":\"ListItem\",\"position\":2,\"name\":\"Polityka prywatno\u015bci\"}]},{\"@type\":\"WebSite\",\"@id\":\"https:\/\/bioclonerhealth.com\/#website\",\"url\":\"https:\/\/bioclonerhealth.com\/\",\"name\":\"BioclonerHealth\",\"description\":\"\",\"publisher\":{\"@id\":\"https:\/\/bioclonerhealth.com\/#organization\"},\"potentialAction\":[{\"@type\":\"SearchAction\",\"target\":{\"@type\":\"EntryPoint\",\"urlTemplate\":\"https:\/\/bioclonerhealth.com\/?s={search_term_string}\"},\"query-input\":{\"@type\":\"PropertyValueSpecification\",\"valueRequired\":true,\"valueName\":\"search_term_string\"}}],\"inLanguage\":\"en-GB\"},{\"@type\":\"Organization\",\"@id\":\"https:\/\/bioclonerhealth.com\/#organization\",\"name\":\"BioclonerHealth\",\"url\":\"https:\/\/bioclonerhealth.com\/\",\"logo\":{\"@type\":\"ImageObject\",\"inLanguage\":\"en-GB\",\"@id\":\"https:\/\/bioclonerhealth.com\/#\/schema\/logo\/image\/\",\"url\":\"https:\/\/bioclonerhealth.com\/wp-content\/uploads\/2024\/05\/biocloner-health-white.svg\",\"contentUrl\":\"https:\/\/bioclonerhealth.com\/wp-content\/uploads\/2024\/05\/biocloner-health-white.svg\",\"caption\":\"BioclonerHealth\"},\"image\":{\"@id\":\"https:\/\/bioclonerhealth.com\/#\/schema\/logo\/image\/\"}}]}<\/script>\n<!-- \/ Yoast SEO plugin. -->","yoast_head_json":{"title":"Polityka prywatno\u015bci - BioCloner Health","robots":{"index":"index","follow":"follow","max-snippet":"max-snippet:-1","max-image-preview":"max-image-preview:large","max-video-preview":"max-video-preview:-1"},"canonical":"https:\/\/bioclonerhealth.com\/en\/polityka-prywatnosci\/","og_locale":"en_GB","og_type":"article","og_title":"Polityka prywatno\u015bci - BioCloner Health","og_description":"1. Administratorem danych osobowych jest&nbsp;BioClonerHealth sp. z o.o. 2. Sp\u00f3\u0142ka ze wzgl\u0119du na brak obowi\u0105zku nie wyznaczy\u0142a Inspektora Ochrony Danych. Wszelkie sprawy dotycz\u0105ce ochrony danych osobowych mo\u017cna kierowa\u0107 na adres mailowy: biuro@bioclonerhealth.com. 3. Przekazane dane osobowe przetwarzane b\u0119d\u0105 w celu realizacji us\u0142ug, obs\u0142ugi zg\u0142osze\u0144 i udzielania odpowiedzi na zg\u0142oszenia; 4. Kategorie danych osobowych obejmuj\u0105 m.in.Continue reading \"Polityka prywatno\u015bci\"","og_url":"https:\/\/bioclonerhealth.com\/en\/polityka-prywatnosci\/","og_site_name":"BioCloner Health","article_modified_time":"2026-03-16T12:39:14+00:00","og_image":[{"width":676,"height":486,"url":"https:\/\/bioclonerhealth.com\/wp-content\/uploads\/2025\/02\/image3.jpg","type":"image\/jpeg"}],"twitter_card":"summary_large_image","twitter_misc":{"Estimated reading time":"2 minutes"},"schema":{"@context":"https:\/\/schema.org","@graph":[{"@type":"WebPage","@id":"https:\/\/bioclonerhealth.com\/polityka-prywatnosci\/","url":"https:\/\/bioclonerhealth.com\/polityka-prywatnosci\/","name":"Polityka prywatno\u015bci - BioCloner Health","isPartOf":{"@id":"https:\/\/bioclonerhealth.com\/#website"},"datePublished":"2024-10-11T14:49:40+00:00","dateModified":"2026-03-16T12:39:14+00:00","breadcrumb":{"@id":"https:\/\/bioclonerhealth.com\/polityka-prywatnosci\/#breadcrumb"},"inLanguage":"en-GB","potentialAction":[{"@type":"ReadAction","target":["https:\/\/bioclonerhealth.com\/polityka-prywatnosci\/"]}]},{"@type":"BreadcrumbList","@id":"https:\/\/bioclonerhealth.com\/polityka-prywatnosci\/#breadcrumb","itemListElement":[{"@type":"ListItem","position":1,"name":"Strona g\u0142\u00f3wna","item":"https:\/\/bioclonerhealth.com\/en\/"},{"@type":"ListItem","position":2,"name":"Polityka prywatno\u015bci"}]},{"@type":"WebSite","@id":"https:\/\/bioclonerhealth.com\/#website","url":"https:\/\/bioclonerhealth.com\/","name":"BioclonerHealth","description":"","publisher":{"@id":"https:\/\/bioclonerhealth.com\/#organization"},"potentialAction":[{"@type":"SearchAction","target":{"@type":"EntryPoint","urlTemplate":"https:\/\/bioclonerhealth.com\/?s={search_term_string}"},"query-input":{"@type":"PropertyValueSpecification","valueRequired":true,"valueName":"search_term_string"}}],"inLanguage":"en-GB"},{"@type":"Organization","@id":"https:\/\/bioclonerhealth.com\/#organization","name":"BioclonerHealth","url":"https:\/\/bioclonerhealth.com\/","logo":{"@type":"ImageObject","inLanguage":"en-GB","@id":"https:\/\/bioclonerhealth.com\/#\/schema\/logo\/image\/","url":"https:\/\/bioclonerhealth.com\/wp-content\/uploads\/2024\/05\/biocloner-health-white.svg","contentUrl":"https:\/\/bioclonerhealth.com\/wp-content\/uploads\/2024\/05\/biocloner-health-white.svg","caption":"BioclonerHealth"},"image":{"@id":"https:\/\/bioclonerhealth.com\/#\/schema\/logo\/image\/"}}]}},"_links":{"self":[{"href":"https:\/\/bioclonerhealth.com\/en\/wp-json\/wp\/v2\/pages\/176","targetHints":{"allow":["GET"]}}],"collection":[{"href":"https:\/\/bioclonerhealth.com\/en\/wp-json\/wp\/v2\/pages"}],"about":[{"href":"https:\/\/bioclonerhealth.com\/en\/wp-json\/wp\/v2\/types\/page"}],"author":[{"embeddable":true,"href":"https:\/\/bioclonerhealth.com\/en\/wp-json\/wp\/v2\/users\/3"}],"replies":[{"embeddable":true,"href":"https:\/\/bioclonerhealth.com\/en\/wp-json\/wp\/v2\/comments?post=176"}],"version-history":[{"count":2,"href":"https:\/\/bioclonerhealth.com\/en\/wp-json\/wp\/v2\/pages\/176\/revisions"}],"predecessor-version":[{"id":5312,"href":"https:\/\/bioclonerhealth.com\/en\/wp-json\/wp\/v2\/pages\/176\/revisions\/5312"}],"wp:attachment":[{"href":"https:\/\/bioclonerhealth.com\/en\/wp-json\/wp\/v2\/media?parent=176"}],"curies":[{"name":"wp","href":"https:\/\/api.w.org\/{rel}","templated":true}]}}