{"id":5014,"date":"2025-03-27T17:06:52","date_gmt":"2025-03-27T16:06:52","guid":{"rendered":"https:\/\/bioclonerhealth.testlive.nocadis.com\/?page_id=5014"},"modified":"2025-03-27T17:06:52","modified_gmt":"2025-03-27T16:06:52","slug":"fundusze-europejskie","status":"publish","type":"page","link":"https:\/\/bioclonerhealth.com\/en\/fundusze-europejskie\/","title":{"rendered":"European funds"},"content":{"rendered":"<h2 class=\"wp-block-heading\">BioCloner<\/h2><p>First Polish bioprinter dedicated to apsorbable implants \u2013 BioCloner<\/p><p>The aim of the project is to develop the first Polish bioprinter dedicated to apsorbable implants, working in three material options.<\/p><h4 class=\"wp-block-heading\">Project value:&nbsp;<\/h4><p>PLN 6 480 789,37<\/p><h4 class=\"wp-block-heading\">EU co-financing of the project:&nbsp;<\/h4><p>PLN 5 037 076,81<\/p><figure class=\"wp-block-image size-full mix-blend-darken\"><img loading=\"lazy\" decoding=\"async\" width=\"580\" height=\"149\" src=\"https:\/\/bioclonerhealth.testlive.nocadis.com\/wp-content\/uploads\/2025\/03\/biocloner-fundusze.png\" alt=\"\" class=\"wp-image-5015\" srcset=\"https:\/\/bioclonerhealth.com\/wp-content\/uploads\/2025\/03\/biocloner-fundusze.png 580w, https:\/\/bioclonerhealth.com\/wp-content\/uploads\/2025\/03\/biocloner-fundusze-300x77.png 300w, https:\/\/bioclonerhealth.com\/wp-content\/uploads\/2025\/03\/biocloner-fundusze-18x5.png 18w, https:\/\/bioclonerhealth.com\/wp-content\/uploads\/2025\/03\/biocloner-fundusze-64x16.png 64w\" sizes=\"auto, (max-width: 580px) 100vw, 580px\" \/><\/figure><p><\/p>","protected":false},"excerpt":{"rendered":"<p>BioCloner Pierwsza polska biodrukarka dedykowana do implant\u00f3w wch\u0142anialnych \u2013 BioCloner Celem projektu jest opracowanie pierwszej polskiej biodrukarki dedykowanej do implant\u00f3w wch\u0142anialnych pracuj\u0105cej w trzech wariantach materia\u0142owych. Warto\u015b\u0107 projektu:&nbsp; 6 480 789,37 z\u0142 Dofinansowanie projektu z UE:&nbsp; 5 037 076,81 z\u0142.<\/p>","protected":false},"author":1,"featured_media":0,"parent":0,"menu_order":0,"comment_status":"closed","ping_status":"closed","template":"template-pages\/simple-page.php","meta":{"_acf_changed":false,"footnotes":""},"class_list":["post-5014","page","type-page","status-publish","hentry"],"acf":[],"yoast_head":"<!-- This site is optimized with the Yoast SEO plugin v24.4 - https:\/\/yoast.com\/wordpress\/plugins\/seo\/ -->\n<title>Fundusze Europejskie - BioCloner Health<\/title>\n<meta name=\"robots\" content=\"index, follow, max-snippet:-1, max-image-preview:large, max-video-preview:-1\" \/>\n<link rel=\"canonical\" href=\"https:\/\/bioclonerhealth.com\/en\/fundusze-europejskie\/\" \/>\n<meta property=\"og:locale\" content=\"en_GB\" \/>\n<meta property=\"og:type\" content=\"article\" \/>\n<meta property=\"og:title\" content=\"Fundusze Europejskie - BioCloner Health\" \/>\n<meta property=\"og:description\" content=\"BioCloner Pierwsza polska biodrukarka dedykowana do implant\u00f3w wch\u0142anialnych \u2013 BioCloner Celem projektu jest opracowanie pierwszej polskiej biodrukarki dedykowanej do implant\u00f3w wch\u0142anialnych pracuj\u0105cej w trzech wariantach materia\u0142owych. Warto\u015b\u0107 projektu:&nbsp; 6 480 789,37 z\u0142 Dofinansowanie projektu z UE:&nbsp; 5 037 076,81 z\u0142.\" \/>\n<meta property=\"og:url\" content=\"https:\/\/bioclonerhealth.com\/en\/fundusze-europejskie\/\" \/>\n<meta property=\"og:site_name\" content=\"BioCloner Health\" \/>\n<meta property=\"og:image\" content=\"https:\/\/bioclonerhealth.testlive.nocadis.com\/wp-content\/uploads\/2025\/03\/biocloner-fundusze.png\" \/>\n<meta name=\"twitter:card\" content=\"summary_large_image\" \/>\n<script type=\"application\/ld+json\" class=\"yoast-schema-graph\">{\"@context\":\"https:\/\/schema.org\",\"@graph\":[{\"@type\":\"WebPage\",\"@id\":\"https:\/\/bioclonerhealth.com\/fundusze-europejskie\/\",\"url\":\"https:\/\/bioclonerhealth.com\/fundusze-europejskie\/\",\"name\":\"Fundusze Europejskie - BioCloner Health\",\"isPartOf\":{\"@id\":\"https:\/\/bioclonerhealth.com\/#website\"},\"primaryImageOfPage\":{\"@id\":\"https:\/\/bioclonerhealth.com\/fundusze-europejskie\/#primaryimage\"},\"image\":{\"@id\":\"https:\/\/bioclonerhealth.com\/fundusze-europejskie\/#primaryimage\"},\"thumbnailUrl\":\"https:\/\/bioclonerhealth.testlive.nocadis.com\/wp-content\/uploads\/2025\/03\/biocloner-fundusze.png\",\"datePublished\":\"2025-03-27T16:06:52+00:00\",\"breadcrumb\":{\"@id\":\"https:\/\/bioclonerhealth.com\/fundusze-europejskie\/#breadcrumb\"},\"inLanguage\":\"en-GB\",\"potentialAction\":[{\"@type\":\"ReadAction\",\"target\":[\"https:\/\/bioclonerhealth.com\/fundusze-europejskie\/\"]}]},{\"@type\":\"ImageObject\",\"inLanguage\":\"en-GB\",\"@id\":\"https:\/\/bioclonerhealth.com\/fundusze-europejskie\/#primaryimage\",\"url\":\"https:\/\/bioclonerhealth.testlive.nocadis.com\/wp-content\/uploads\/2025\/03\/biocloner-fundusze.png\",\"contentUrl\":\"https:\/\/bioclonerhealth.testlive.nocadis.com\/wp-content\/uploads\/2025\/03\/biocloner-fundusze.png\"},{\"@type\":\"BreadcrumbList\",\"@id\":\"https:\/\/bioclonerhealth.com\/fundusze-europejskie\/#breadcrumb\",\"itemListElement\":[{\"@type\":\"ListItem\",\"position\":1,\"name\":\"Strona g\u0142\u00f3wna\",\"item\":\"https:\/\/bioclonerhealth.com\/en\/\"},{\"@type\":\"ListItem\",\"position\":2,\"name\":\"Fundusze Europejskie\"}]},{\"@type\":\"WebSite\",\"@id\":\"https:\/\/bioclonerhealth.com\/#website\",\"url\":\"https:\/\/bioclonerhealth.com\/\",\"name\":\"BioclonerHealth\",\"description\":\"\",\"publisher\":{\"@id\":\"https:\/\/bioclonerhealth.com\/#organization\"},\"potentialAction\":[{\"@type\":\"SearchAction\",\"target\":{\"@type\":\"EntryPoint\",\"urlTemplate\":\"https:\/\/bioclonerhealth.com\/?s={search_term_string}\"},\"query-input\":{\"@type\":\"PropertyValueSpecification\",\"valueRequired\":true,\"valueName\":\"search_term_string\"}}],\"inLanguage\":\"en-GB\"},{\"@type\":\"Organization\",\"@id\":\"https:\/\/bioclonerhealth.com\/#organization\",\"name\":\"BioclonerHealth\",\"url\":\"https:\/\/bioclonerhealth.com\/\",\"logo\":{\"@type\":\"ImageObject\",\"inLanguage\":\"en-GB\",\"@id\":\"https:\/\/bioclonerhealth.com\/#\/schema\/logo\/image\/\",\"url\":\"https:\/\/bioclonerhealth.com\/wp-content\/uploads\/2024\/05\/biocloner-health-white.svg\",\"contentUrl\":\"https:\/\/bioclonerhealth.com\/wp-content\/uploads\/2024\/05\/biocloner-health-white.svg\",\"caption\":\"BioclonerHealth\"},\"image\":{\"@id\":\"https:\/\/bioclonerhealth.com\/#\/schema\/logo\/image\/\"}}]}<\/script>\n<!-- \/ Yoast SEO plugin. -->","yoast_head_json":{"title":"Fundusze Europejskie - BioCloner Health","robots":{"index":"index","follow":"follow","max-snippet":"max-snippet:-1","max-image-preview":"max-image-preview:large","max-video-preview":"max-video-preview:-1"},"canonical":"https:\/\/bioclonerhealth.com\/en\/fundusze-europejskie\/","og_locale":"en_GB","og_type":"article","og_title":"Fundusze Europejskie - BioCloner Health","og_description":"BioCloner Pierwsza polska biodrukarka dedykowana do implant\u00f3w wch\u0142anialnych \u2013 BioCloner Celem projektu jest opracowanie pierwszej polskiej biodrukarki dedykowanej do implant\u00f3w wch\u0142anialnych pracuj\u0105cej w trzech wariantach materia\u0142owych. Warto\u015b\u0107 projektu:&nbsp; 6 480 789,37 z\u0142 Dofinansowanie projektu z UE:&nbsp; 5 037 076,81 z\u0142.","og_url":"https:\/\/bioclonerhealth.com\/en\/fundusze-europejskie\/","og_site_name":"BioCloner Health","og_image":[{"url":"https:\/\/bioclonerhealth.testlive.nocadis.com\/wp-content\/uploads\/2025\/03\/biocloner-fundusze.png","type":"","width":"","height":""}],"twitter_card":"summary_large_image","schema":{"@context":"https:\/\/schema.org","@graph":[{"@type":"WebPage","@id":"https:\/\/bioclonerhealth.com\/fundusze-europejskie\/","url":"https:\/\/bioclonerhealth.com\/fundusze-europejskie\/","name":"Fundusze Europejskie - BioCloner Health","isPartOf":{"@id":"https:\/\/bioclonerhealth.com\/#website"},"primaryImageOfPage":{"@id":"https:\/\/bioclonerhealth.com\/fundusze-europejskie\/#primaryimage"},"image":{"@id":"https:\/\/bioclonerhealth.com\/fundusze-europejskie\/#primaryimage"},"thumbnailUrl":"https:\/\/bioclonerhealth.testlive.nocadis.com\/wp-content\/uploads\/2025\/03\/biocloner-fundusze.png","datePublished":"2025-03-27T16:06:52+00:00","breadcrumb":{"@id":"https:\/\/bioclonerhealth.com\/fundusze-europejskie\/#breadcrumb"},"inLanguage":"en-GB","potentialAction":[{"@type":"ReadAction","target":["https:\/\/bioclonerhealth.com\/fundusze-europejskie\/"]}]},{"@type":"ImageObject","inLanguage":"en-GB","@id":"https:\/\/bioclonerhealth.com\/fundusze-europejskie\/#primaryimage","url":"https:\/\/bioclonerhealth.testlive.nocadis.com\/wp-content\/uploads\/2025\/03\/biocloner-fundusze.png","contentUrl":"https:\/\/bioclonerhealth.testlive.nocadis.com\/wp-content\/uploads\/2025\/03\/biocloner-fundusze.png"},{"@type":"BreadcrumbList","@id":"https:\/\/bioclonerhealth.com\/fundusze-europejskie\/#breadcrumb","itemListElement":[{"@type":"ListItem","position":1,"name":"Strona g\u0142\u00f3wna","item":"https:\/\/bioclonerhealth.com\/en\/"},{"@type":"ListItem","position":2,"name":"Fundusze Europejskie"}]},{"@type":"WebSite","@id":"https:\/\/bioclonerhealth.com\/#website","url":"https:\/\/bioclonerhealth.com\/","name":"BioclonerHealth","description":"","publisher":{"@id":"https:\/\/bioclonerhealth.com\/#organization"},"potentialAction":[{"@type":"SearchAction","target":{"@type":"EntryPoint","urlTemplate":"https:\/\/bioclonerhealth.com\/?s={search_term_string}"},"query-input":{"@type":"PropertyValueSpecification","valueRequired":true,"valueName":"search_term_string"}}],"inLanguage":"en-GB"},{"@type":"Organization","@id":"https:\/\/bioclonerhealth.com\/#organization","name":"BioclonerHealth","url":"https:\/\/bioclonerhealth.com\/","logo":{"@type":"ImageObject","inLanguage":"en-GB","@id":"https:\/\/bioclonerhealth.com\/#\/schema\/logo\/image\/","url":"https:\/\/bioclonerhealth.com\/wp-content\/uploads\/2024\/05\/biocloner-health-white.svg","contentUrl":"https:\/\/bioclonerhealth.com\/wp-content\/uploads\/2024\/05\/biocloner-health-white.svg","caption":"BioclonerHealth"},"image":{"@id":"https:\/\/bioclonerhealth.com\/#\/schema\/logo\/image\/"}}]}},"_links":{"self":[{"href":"https:\/\/bioclonerhealth.com\/en\/wp-json\/wp\/v2\/pages\/5014","targetHints":{"allow":["GET"]}}],"collection":[{"href":"https:\/\/bioclonerhealth.com\/en\/wp-json\/wp\/v2\/pages"}],"about":[{"href":"https:\/\/bioclonerhealth.com\/en\/wp-json\/wp\/v2\/types\/page"}],"author":[{"embeddable":true,"href":"https:\/\/bioclonerhealth.com\/en\/wp-json\/wp\/v2\/users\/1"}],"replies":[{"embeddable":true,"href":"https:\/\/bioclonerhealth.com\/en\/wp-json\/wp\/v2\/comments?post=5014"}],"version-history":[{"count":2,"href":"https:\/\/bioclonerhealth.com\/en\/wp-json\/wp\/v2\/pages\/5014\/revisions"}],"predecessor-version":[{"id":5038,"href":"https:\/\/bioclonerhealth.com\/en\/wp-json\/wp\/v2\/pages\/5014\/revisions\/5038"}],"wp:attachment":[{"href":"https:\/\/bioclonerhealth.com\/en\/wp-json\/wp\/v2\/media?parent=5014"}],"curies":[{"name":"wp","href":"https:\/\/api.w.org\/{rel}","templated":true}]}}