{"id":5159,"date":"2025-08-22T10:17:25","date_gmt":"2025-08-22T08:17:25","guid":{"rendered":"https:\/\/bioclonerhealth.testlive.nocadis.com\/?post_type=product&#038;p=5159"},"modified":"2025-10-15T12:05:53","modified_gmt":"2025-10-15T10:05:53","slug":"zestaw-akcesoriow-kartusz-nakretka-dysze","status":"publish","type":"product","link":"https:\/\/bioclonerhealth.com\/en\/product\/zestaw-akcesoriow-kartusz-nakretka-dysze\/","title":{"rendered":"Zestaw akcesori\u00f3w (kartusz 3 ml, nakr\u0119tka, dysze 0.2 mm i 0.4 mm)"},"content":{"rendered":"<p data-start=\"529\" data-end=\"768\"><strong data-start=\"529\" data-end=\"565\">Zestaw akcesori\u00f3w (kartusz 3 ml, nakr\u0119tka, dysze 0.2 mm i 0.4 mm) <\/strong>&#8211;\u00a0stworzony z my\u015bl\u0105 o precyzyjnym i bezproblemowym drukowaniu 3D z polimer\u00f3w termoplastycznych, takich jak <strong data-start=\"692\" data-end=\"699\">PCL<\/strong> czy <strong data-start=\"704\" data-end=\"711\">PLA<\/strong>. W sk\u0142ad zestawu wchodz\u0105:<\/p>\n<ul data-start=\"770\" data-end=\"1252\">\n<li data-start=\"770\" data-end=\"896\">\n<p data-start=\"772\" data-end=\"896\"><strong data-start=\"772\" data-end=\"799\">Kartusz metalowy (3 ml)<\/strong> \u2013 wytrzyma\u0142y i odporny na wysok\u0105 temperatur\u0119, idealny do pracy z polimerami termoplastycznymi.<\/p>\n<\/li>\n<li data-start=\"897\" data-end=\"1007\">\n<p data-start=\"899\" data-end=\"1007\"><strong data-start=\"899\" data-end=\"920\">Nakr\u0119tka metalowa<\/strong> \u2013 uniwersalny \u0142\u0105cznik dyszy z kartuszem, zapewniaj\u0105cy stabilne i szczelne mocowanie.<\/p>\n<\/li>\n<li data-start=\"1008\" data-end=\"1139\">\n<p data-start=\"1010\" data-end=\"1139\"><strong data-start=\"1010\" data-end=\"1031\">Dysza 0.2 mm<\/strong> \u2013 umo\u017cliwia wyj\u0105tkowo precyzyjne wydruki, dzi\u0119ki specjalnej konstrukcji minimalizuj\u0105cej ryzyko zatykania.<\/p>\n<\/li>\n<li data-start=\"1140\" data-end=\"1252\">\n<p data-start=\"1142\" data-end=\"1252\"><strong data-start=\"1142\" data-end=\"1163\">Dysza 0.4 mm<\/strong> \u2013 idealna do szybszego drukowania z zachowaniem wysokiej jako\u015bci i dok\u0142adno\u015bci modelu.<\/p>\n<\/li>\n<\/ul>\n<p data-start=\"1254\" data-end=\"1466\">Dzi\u0119ki specjalnie zaprojektowanym dyszom zestaw redukuje napr\u0119\u017cenia wewn\u0105trz kartusza i eliminuje ryzyko blokad materia\u0142u, co przek\u0142ada si\u0119 na p\u0142ynny proces druku oraz wysok\u0105 jako\u015b\u0107 ko\u0144cowych modeli 3D.<\/p>","protected":false},"excerpt":{"rendered":"<p>Zestaw akcesori\u00f3w do g\u0142owicy HTP (kartusz 3 ml, nakr\u0119tka, dysze 0.2 mm i 0.4 mm) \u2013 pakiet umo\u017cliwiaj\u0105cy precyzyjny druk 3D z polimer\u00f3w termoplastycznych takich jak PCL czy PLA, zapewniaj\u0105cy wysok\u0105 jako\u015b\u0107 i niezawodno\u015b\u0107 pracy.<\/p>","protected":false},"featured_media":5160,"template":"","meta":{"_acf_changed":false},"product_brand":[],"product_cat":[50,48],"product_tag":[],"class_list":{"0":"post-5159","1":"product","2":"type-product","3":"status-publish","4":"has-post-thumbnail","6":"product_cat-akcesoria-do-biodrukarek","7":"product_cat-akcesoria-do-glowic","9":"first","10":"onbackorder","11":"shipping-taxable","12":"product-type-simple"},"acf":[],"yoast_head":"<!-- This site is optimized with the Yoast SEO plugin v24.4 - https:\/\/yoast.com\/wordpress\/plugins\/seo\/ -->\n<title>Zestaw akcesori\u00f3w (kartusz 3 ml, nakr\u0119tka, dysze 0.2 mm i 0.4 mm) - BioCloner Health<\/title>\n<meta name=\"description\" content=\"Zestaw akcesori\u00f3w do g\u0142owicy HTP - pakiet umo\u017cliwiaj\u0105cy precyzyjny druk 3D z polimer\u00f3w termoplastycznych (PCL, PLA), zapewniaj\u0105cy wysok\u0105 jako\u015b\u0107 pracy.\" \/>\n<meta name=\"robots\" content=\"index, follow, max-snippet:-1, max-image-preview:large, max-video-preview:-1\" \/>\n<link rel=\"canonical\" href=\"https:\/\/bioclonerhealth.com\/en\/product\/zestaw-akcesoriow-kartusz-nakretka-dysze\/\" \/>\n<meta property=\"og:locale\" content=\"en_GB\" \/>\n<meta property=\"og:type\" content=\"article\" \/>\n<meta property=\"og:title\" content=\"Zestaw akcesori\u00f3w (kartusz 3 ml, nakr\u0119tka, dysze 0.2 mm i 0.4 mm) - BioCloner Health\" \/>\n<meta property=\"og:description\" content=\"Zestaw akcesori\u00f3w do g\u0142owicy HTP - pakiet umo\u017cliwiaj\u0105cy precyzyjny druk 3D z polimer\u00f3w termoplastycznych (PCL, PLA), zapewniaj\u0105cy wysok\u0105 jako\u015b\u0107 pracy.\" \/>\n<meta property=\"og:url\" content=\"https:\/\/bioclonerhealth.com\/en\/product\/zestaw-akcesoriow-kartusz-nakretka-dysze\/\" \/>\n<meta property=\"og:site_name\" content=\"BioCloner Health\" \/>\n<meta property=\"article:modified_time\" content=\"2025-10-15T10:05:53+00:00\" \/>\n<meta property=\"og:image\" content=\"https:\/\/bioclonerhealth.com\/wp-content\/uploads\/2025\/08\/Zestaw_-Kartusz-nakretka-dysza-mala-i-duza.png\" \/>\n\t<meta property=\"og:image:width\" content=\"1200\" \/>\n\t<meta property=\"og:image:height\" content=\"1200\" \/>\n\t<meta property=\"og:image:type\" content=\"image\/png\" \/>\n<meta name=\"twitter:card\" content=\"summary_large_image\" \/>\n<meta name=\"twitter:label1\" content=\"Estimated reading time\" \/>\n\t<meta name=\"twitter:data1\" content=\"1 minute\" \/>\n<script type=\"application\/ld+json\" class=\"yoast-schema-graph\">{\"@context\":\"https:\/\/schema.org\",\"@graph\":[{\"@type\":\"WebPage\",\"@id\":\"https:\/\/bioclonerhealth.com\/product\/zestaw-akcesoriow-kartusz-nakretka-dysze\/\",\"url\":\"https:\/\/bioclonerhealth.com\/product\/zestaw-akcesoriow-kartusz-nakretka-dysze\/\",\"name\":\"Zestaw akcesori\u00f3w (kartusz 3 ml, nakr\u0119tka, dysze 0.2 mm i 0.4 mm) - BioCloner Health\",\"isPartOf\":{\"@id\":\"https:\/\/bioclonerhealth.com\/#website\"},\"primaryImageOfPage\":{\"@id\":\"https:\/\/bioclonerhealth.com\/product\/zestaw-akcesoriow-kartusz-nakretka-dysze\/#primaryimage\"},\"image\":{\"@id\":\"https:\/\/bioclonerhealth.com\/product\/zestaw-akcesoriow-kartusz-nakretka-dysze\/#primaryimage\"},\"thumbnailUrl\":\"https:\/\/bioclonerhealth.com\/wp-content\/uploads\/2025\/08\/Zestaw_-Kartusz-nakretka-dysza-mala-i-duza.png\",\"datePublished\":\"2025-08-22T08:17:25+00:00\",\"dateModified\":\"2025-10-15T10:05:53+00:00\",\"description\":\"Zestaw akcesori\u00f3w do g\u0142owicy HTP - pakiet umo\u017cliwiaj\u0105cy precyzyjny druk 3D z polimer\u00f3w termoplastycznych (PCL, PLA), zapewniaj\u0105cy wysok\u0105 jako\u015b\u0107 pracy.\",\"breadcrumb\":{\"@id\":\"https:\/\/bioclonerhealth.com\/product\/zestaw-akcesoriow-kartusz-nakretka-dysze\/#breadcrumb\"},\"inLanguage\":\"en-GB\",\"potentialAction\":[{\"@type\":\"ReadAction\",\"target\":[\"https:\/\/bioclonerhealth.com\/product\/zestaw-akcesoriow-kartusz-nakretka-dysze\/\"]}]},{\"@type\":\"ImageObject\",\"inLanguage\":\"en-GB\",\"@id\":\"https:\/\/bioclonerhealth.com\/product\/zestaw-akcesoriow-kartusz-nakretka-dysze\/#primaryimage\",\"url\":\"https:\/\/bioclonerhealth.com\/wp-content\/uploads\/2025\/08\/Zestaw_-Kartusz-nakretka-dysza-mala-i-duza.png\",\"contentUrl\":\"https:\/\/bioclonerhealth.com\/wp-content\/uploads\/2025\/08\/Zestaw_-Kartusz-nakretka-dysza-mala-i-duza.png\",\"width\":1200,\"height\":1200},{\"@type\":\"BreadcrumbList\",\"@id\":\"https:\/\/bioclonerhealth.com\/product\/zestaw-akcesoriow-kartusz-nakretka-dysze\/#breadcrumb\",\"itemListElement\":[{\"@type\":\"ListItem\",\"position\":1,\"name\":\"Strona g\u0142\u00f3wna\",\"item\":\"https:\/\/bioclonerhealth.com\/en\/\"},{\"@type\":\"ListItem\",\"position\":2,\"name\":\"Sklep\",\"item\":\"https:\/\/bioclonerhealth.com\/en\/sklep\/\"},{\"@type\":\"ListItem\",\"position\":3,\"name\":\"Zestaw akcesori\u00f3w (kartusz 3 ml, nakr\u0119tka, dysze 0.2 mm i 0.4 mm)\"}]},{\"@type\":\"WebSite\",\"@id\":\"https:\/\/bioclonerhealth.com\/#website\",\"url\":\"https:\/\/bioclonerhealth.com\/\",\"name\":\"BioclonerHealth\",\"description\":\"\",\"publisher\":{\"@id\":\"https:\/\/bioclonerhealth.com\/#organization\"},\"potentialAction\":[{\"@type\":\"SearchAction\",\"target\":{\"@type\":\"EntryPoint\",\"urlTemplate\":\"https:\/\/bioclonerhealth.com\/?s={search_term_string}\"},\"query-input\":{\"@type\":\"PropertyValueSpecification\",\"valueRequired\":true,\"valueName\":\"search_term_string\"}}],\"inLanguage\":\"en-GB\"},{\"@type\":\"Organization\",\"@id\":\"https:\/\/bioclonerhealth.com\/#organization\",\"name\":\"BioclonerHealth\",\"url\":\"https:\/\/bioclonerhealth.com\/\",\"logo\":{\"@type\":\"ImageObject\",\"inLanguage\":\"en-GB\",\"@id\":\"https:\/\/bioclonerhealth.com\/#\/schema\/logo\/image\/\",\"url\":\"https:\/\/bioclonerhealth.com\/wp-content\/uploads\/2024\/05\/biocloner-health-white.svg\",\"contentUrl\":\"https:\/\/bioclonerhealth.com\/wp-content\/uploads\/2024\/05\/biocloner-health-white.svg\",\"caption\":\"BioclonerHealth\"},\"image\":{\"@id\":\"https:\/\/bioclonerhealth.com\/#\/schema\/logo\/image\/\"}}]}<\/script>\n<!-- \/ Yoast SEO plugin. -->","yoast_head_json":{"title":"Zestaw akcesori\u00f3w (kartusz 3 ml, nakr\u0119tka, dysze 0.2 mm i 0.4 mm) - BioCloner Health","description":"Zestaw akcesori\u00f3w do g\u0142owicy HTP - pakiet umo\u017cliwiaj\u0105cy precyzyjny druk 3D z polimer\u00f3w termoplastycznych (PCL, PLA), zapewniaj\u0105cy wysok\u0105 jako\u015b\u0107 pracy.","robots":{"index":"index","follow":"follow","max-snippet":"max-snippet:-1","max-image-preview":"max-image-preview:large","max-video-preview":"max-video-preview:-1"},"canonical":"https:\/\/bioclonerhealth.com\/en\/product\/zestaw-akcesoriow-kartusz-nakretka-dysze\/","og_locale":"en_GB","og_type":"article","og_title":"Zestaw akcesori\u00f3w (kartusz 3 ml, nakr\u0119tka, dysze 0.2 mm i 0.4 mm) - BioCloner Health","og_description":"Zestaw akcesori\u00f3w do g\u0142owicy HTP - pakiet umo\u017cliwiaj\u0105cy precyzyjny druk 3D z polimer\u00f3w termoplastycznych (PCL, PLA), zapewniaj\u0105cy wysok\u0105 jako\u015b\u0107 pracy.","og_url":"https:\/\/bioclonerhealth.com\/en\/product\/zestaw-akcesoriow-kartusz-nakretka-dysze\/","og_site_name":"BioCloner Health","article_modified_time":"2025-10-15T10:05:53+00:00","og_image":[{"width":1200,"height":1200,"url":"https:\/\/bioclonerhealth.com\/wp-content\/uploads\/2025\/08\/Zestaw_-Kartusz-nakretka-dysza-mala-i-duza.png","type":"image\/png"}],"twitter_card":"summary_large_image","twitter_misc":{"Estimated reading time":"1 minute"},"schema":{"@context":"https:\/\/schema.org","@graph":[{"@type":"WebPage","@id":"https:\/\/bioclonerhealth.com\/product\/zestaw-akcesoriow-kartusz-nakretka-dysze\/","url":"https:\/\/bioclonerhealth.com\/product\/zestaw-akcesoriow-kartusz-nakretka-dysze\/","name":"Zestaw akcesori\u00f3w (kartusz 3 ml, nakr\u0119tka, dysze 0.2 mm i 0.4 mm) - BioCloner Health","isPartOf":{"@id":"https:\/\/bioclonerhealth.com\/#website"},"primaryImageOfPage":{"@id":"https:\/\/bioclonerhealth.com\/product\/zestaw-akcesoriow-kartusz-nakretka-dysze\/#primaryimage"},"image":{"@id":"https:\/\/bioclonerhealth.com\/product\/zestaw-akcesoriow-kartusz-nakretka-dysze\/#primaryimage"},"thumbnailUrl":"https:\/\/bioclonerhealth.com\/wp-content\/uploads\/2025\/08\/Zestaw_-Kartusz-nakretka-dysza-mala-i-duza.png","datePublished":"2025-08-22T08:17:25+00:00","dateModified":"2025-10-15T10:05:53+00:00","description":"Zestaw akcesori\u00f3w do g\u0142owicy HTP - pakiet umo\u017cliwiaj\u0105cy precyzyjny druk 3D z polimer\u00f3w termoplastycznych (PCL, PLA), zapewniaj\u0105cy wysok\u0105 jako\u015b\u0107 pracy.","breadcrumb":{"@id":"https:\/\/bioclonerhealth.com\/product\/zestaw-akcesoriow-kartusz-nakretka-dysze\/#breadcrumb"},"inLanguage":"en-GB","potentialAction":[{"@type":"ReadAction","target":["https:\/\/bioclonerhealth.com\/product\/zestaw-akcesoriow-kartusz-nakretka-dysze\/"]}]},{"@type":"ImageObject","inLanguage":"en-GB","@id":"https:\/\/bioclonerhealth.com\/product\/zestaw-akcesoriow-kartusz-nakretka-dysze\/#primaryimage","url":"https:\/\/bioclonerhealth.com\/wp-content\/uploads\/2025\/08\/Zestaw_-Kartusz-nakretka-dysza-mala-i-duza.png","contentUrl":"https:\/\/bioclonerhealth.com\/wp-content\/uploads\/2025\/08\/Zestaw_-Kartusz-nakretka-dysza-mala-i-duza.png","width":1200,"height":1200},{"@type":"BreadcrumbList","@id":"https:\/\/bioclonerhealth.com\/product\/zestaw-akcesoriow-kartusz-nakretka-dysze\/#breadcrumb","itemListElement":[{"@type":"ListItem","position":1,"name":"Strona g\u0142\u00f3wna","item":"https:\/\/bioclonerhealth.com\/en\/"},{"@type":"ListItem","position":2,"name":"Sklep","item":"https:\/\/bioclonerhealth.com\/en\/sklep\/"},{"@type":"ListItem","position":3,"name":"Zestaw akcesori\u00f3w (kartusz 3 ml, nakr\u0119tka, dysze 0.2 mm i 0.4 mm)"}]},{"@type":"WebSite","@id":"https:\/\/bioclonerhealth.com\/#website","url":"https:\/\/bioclonerhealth.com\/","name":"BioclonerHealth","description":"","publisher":{"@id":"https:\/\/bioclonerhealth.com\/#organization"},"potentialAction":[{"@type":"SearchAction","target":{"@type":"EntryPoint","urlTemplate":"https:\/\/bioclonerhealth.com\/?s={search_term_string}"},"query-input":{"@type":"PropertyValueSpecification","valueRequired":true,"valueName":"search_term_string"}}],"inLanguage":"en-GB"},{"@type":"Organization","@id":"https:\/\/bioclonerhealth.com\/#organization","name":"BioclonerHealth","url":"https:\/\/bioclonerhealth.com\/","logo":{"@type":"ImageObject","inLanguage":"en-GB","@id":"https:\/\/bioclonerhealth.com\/#\/schema\/logo\/image\/","url":"https:\/\/bioclonerhealth.com\/wp-content\/uploads\/2024\/05\/biocloner-health-white.svg","contentUrl":"https:\/\/bioclonerhealth.com\/wp-content\/uploads\/2024\/05\/biocloner-health-white.svg","caption":"BioclonerHealth"},"image":{"@id":"https:\/\/bioclonerhealth.com\/#\/schema\/logo\/image\/"}}]}},"_links":{"self":[{"href":"https:\/\/bioclonerhealth.com\/en\/wp-json\/wp\/v2\/product\/5159","targetHints":{"allow":["GET"]}}],"collection":[{"href":"https:\/\/bioclonerhealth.com\/en\/wp-json\/wp\/v2\/product"}],"about":[{"href":"https:\/\/bioclonerhealth.com\/en\/wp-json\/wp\/v2\/types\/product"}],"wp:featuredmedia":[{"embeddable":true,"href":"https:\/\/bioclonerhealth.com\/en\/wp-json\/wp\/v2\/media\/5160"}],"wp:attachment":[{"href":"https:\/\/bioclonerhealth.com\/en\/wp-json\/wp\/v2\/media?parent=5159"}],"wp:term":[{"taxonomy":"product_brand","embeddable":true,"href":"https:\/\/bioclonerhealth.com\/en\/wp-json\/wp\/v2\/product_brand?post=5159"},{"taxonomy":"product_cat","embeddable":true,"href":"https:\/\/bioclonerhealth.com\/en\/wp-json\/wp\/v2\/product_cat?post=5159"},{"taxonomy":"product_tag","embeddable":true,"href":"https:\/\/bioclonerhealth.com\/en\/wp-json\/wp\/v2\/product_tag?post=5159"}],"curies":[{"name":"wp","href":"https:\/\/api.w.org\/{rel}","templated":true}]}}