{"id":5163,"date":"2025-08-22T10:49:48","date_gmt":"2025-08-22T08:49:48","guid":{"rendered":"https:\/\/bioclonerhealth.testlive.nocadis.com\/?post_type=product&#038;p=5163"},"modified":"2025-10-15T12:01:44","modified_gmt":"2025-10-15T10:01:44","slug":"dysza-0-2-mm","status":"publish","type":"product","link":"https:\/\/bioclonerhealth.com\/en\/product\/dysza-0-2-mm\/","title":{"rendered":"Dysza 0.2 mm"},"content":{"rendered":"<p data-start=\"133\" data-end=\"435\">Dysza 0.2 mm to element do kartusza (3 ml) ze stali nierdzewnej, umo\u017cliwiaj\u0105cy precyzyjne drukowanie z polimer\u00f3w termoplastycznych. Specjalnie zaprojektowany kszta\u0142t redukuje napr\u0119\u017cenia wewn\u0105trz kartusza i eliminuje zatykanie dyszy, co zwi\u0119ksza precyzj\u0119 wydruku oraz jego jako\u015b\u0107.<\/p>\n<ul>\n<li data-start=\"462\" data-end=\"514\">precyzyjne drukowanie polimer\u00f3w termoplastycznych,<\/li>\n<li data-start=\"517\" data-end=\"585\">specjalna konstrukcja zmniejszaj\u0105ca napr\u0119\u017cenia i ryzyko zatykania,<\/li>\n<li data-start=\"588\" data-end=\"625\">kompatybilna z kartuszem metalowym,<\/li>\n<li data-start=\"628\" data-end=\"669\">sprzedawana w opakowaniach po 3 sztuki.<\/li>\n<\/ul>","protected":false},"excerpt":{"rendered":"<p>Dysza 0.2 mm to element do kartusza ze stali nierdzewnej, umo\u017cliwiaj\u0105cy precyzyjne drukowanie z polimer\u00f3w termoplastycznych. Specjalnie zaprojektowany kszta\u0142t redukuje napr\u0119\u017cenia wewn\u0105trz kartusza i eliminuje zatykanie dyszy.<\/p>","protected":false},"featured_media":5164,"template":"","meta":{"_acf_changed":false},"product_brand":[],"product_cat":[50,48],"product_tag":[],"class_list":{"0":"post-5163","1":"product","2":"type-product","3":"status-publish","4":"has-post-thumbnail","6":"product_cat-akcesoria-do-biodrukarek","7":"product_cat-akcesoria-do-glowic","9":"first","10":"onbackorder","11":"shipping-taxable","12":"product-type-variable"},"acf":[],"yoast_head":"<!-- This site is optimized with the Yoast SEO plugin v24.4 - https:\/\/yoast.com\/wordpress\/plugins\/seo\/ -->\n<title>Dysza 0.2 mm - BioCloner Health<\/title>\n<meta name=\"robots\" content=\"index, follow, max-snippet:-1, max-image-preview:large, max-video-preview:-1\" \/>\n<link rel=\"canonical\" href=\"https:\/\/bioclonerhealth.com\/en\/product\/dysza-0-2-mm\/\" \/>\n<meta property=\"og:locale\" content=\"en_GB\" \/>\n<meta property=\"og:type\" content=\"article\" \/>\n<meta property=\"og:title\" content=\"Dysza 0.2 mm - BioCloner Health\" \/>\n<meta property=\"og:description\" content=\"Dysza 0.2 mm to element do kartusza ze stali nierdzewnej, umo\u017cliwiaj\u0105cy precyzyjne drukowanie z polimer\u00f3w termoplastycznych. Specjalnie zaprojektowany kszta\u0142t redukuje napr\u0119\u017cenia wewn\u0105trz kartusza i eliminuje zatykanie dyszy.\" \/>\n<meta property=\"og:url\" content=\"https:\/\/bioclonerhealth.com\/en\/product\/dysza-0-2-mm\/\" \/>\n<meta property=\"og:site_name\" content=\"BioCloner Health\" \/>\n<meta property=\"article:modified_time\" content=\"2025-10-15T10:01:44+00:00\" \/>\n<meta property=\"og:image\" content=\"https:\/\/bioclonerhealth.com\/wp-content\/uploads\/2025\/08\/Dysze-male-0.2.png\" \/>\n\t<meta property=\"og:image:width\" content=\"1200\" \/>\n\t<meta property=\"og:image:height\" content=\"1200\" \/>\n\t<meta property=\"og:image:type\" content=\"image\/png\" \/>\n<meta name=\"twitter:card\" content=\"summary_large_image\" \/>\n<script type=\"application\/ld+json\" class=\"yoast-schema-graph\">{\"@context\":\"https:\/\/schema.org\",\"@graph\":[{\"@type\":\"WebPage\",\"@id\":\"https:\/\/bioclonerhealth.com\/product\/dysza-0-2-mm\/\",\"url\":\"https:\/\/bioclonerhealth.com\/product\/dysza-0-2-mm\/\",\"name\":\"Dysza 0.2 mm - BioCloner Health\",\"isPartOf\":{\"@id\":\"https:\/\/bioclonerhealth.com\/#website\"},\"primaryImageOfPage\":{\"@id\":\"https:\/\/bioclonerhealth.com\/product\/dysza-0-2-mm\/#primaryimage\"},\"image\":{\"@id\":\"https:\/\/bioclonerhealth.com\/product\/dysza-0-2-mm\/#primaryimage\"},\"thumbnailUrl\":\"https:\/\/bioclonerhealth.com\/wp-content\/uploads\/2025\/08\/Dysze-male-0.2.png\",\"datePublished\":\"2025-08-22T08:49:48+00:00\",\"dateModified\":\"2025-10-15T10:01:44+00:00\",\"breadcrumb\":{\"@id\":\"https:\/\/bioclonerhealth.com\/product\/dysza-0-2-mm\/#breadcrumb\"},\"inLanguage\":\"en-GB\",\"potentialAction\":[{\"@type\":\"ReadAction\",\"target\":[\"https:\/\/bioclonerhealth.com\/product\/dysza-0-2-mm\/\"]}]},{\"@type\":\"ImageObject\",\"inLanguage\":\"en-GB\",\"@id\":\"https:\/\/bioclonerhealth.com\/product\/dysza-0-2-mm\/#primaryimage\",\"url\":\"https:\/\/bioclonerhealth.com\/wp-content\/uploads\/2025\/08\/Dysze-male-0.2.png\",\"contentUrl\":\"https:\/\/bioclonerhealth.com\/wp-content\/uploads\/2025\/08\/Dysze-male-0.2.png\",\"width\":1200,\"height\":1200},{\"@type\":\"BreadcrumbList\",\"@id\":\"https:\/\/bioclonerhealth.com\/product\/dysza-0-2-mm\/#breadcrumb\",\"itemListElement\":[{\"@type\":\"ListItem\",\"position\":1,\"name\":\"Strona g\u0142\u00f3wna\",\"item\":\"https:\/\/bioclonerhealth.com\/en\/\"},{\"@type\":\"ListItem\",\"position\":2,\"name\":\"Sklep\",\"item\":\"https:\/\/bioclonerhealth.com\/en\/sklep\/\"},{\"@type\":\"ListItem\",\"position\":3,\"name\":\"Dysza 0.2 mm\"}]},{\"@type\":\"WebSite\",\"@id\":\"https:\/\/bioclonerhealth.com\/#website\",\"url\":\"https:\/\/bioclonerhealth.com\/\",\"name\":\"BioclonerHealth\",\"description\":\"\",\"publisher\":{\"@id\":\"https:\/\/bioclonerhealth.com\/#organization\"},\"potentialAction\":[{\"@type\":\"SearchAction\",\"target\":{\"@type\":\"EntryPoint\",\"urlTemplate\":\"https:\/\/bioclonerhealth.com\/?s={search_term_string}\"},\"query-input\":{\"@type\":\"PropertyValueSpecification\",\"valueRequired\":true,\"valueName\":\"search_term_string\"}}],\"inLanguage\":\"en-GB\"},{\"@type\":\"Organization\",\"@id\":\"https:\/\/bioclonerhealth.com\/#organization\",\"name\":\"BioclonerHealth\",\"url\":\"https:\/\/bioclonerhealth.com\/\",\"logo\":{\"@type\":\"ImageObject\",\"inLanguage\":\"en-GB\",\"@id\":\"https:\/\/bioclonerhealth.com\/#\/schema\/logo\/image\/\",\"url\":\"https:\/\/bioclonerhealth.com\/wp-content\/uploads\/2024\/05\/biocloner-health-white.svg\",\"contentUrl\":\"https:\/\/bioclonerhealth.com\/wp-content\/uploads\/2024\/05\/biocloner-health-white.svg\",\"caption\":\"BioclonerHealth\"},\"image\":{\"@id\":\"https:\/\/bioclonerhealth.com\/#\/schema\/logo\/image\/\"}}]}<\/script>\n<!-- \/ Yoast SEO plugin. -->","yoast_head_json":{"title":"Dysza 0.2 mm - BioCloner Health","robots":{"index":"index","follow":"follow","max-snippet":"max-snippet:-1","max-image-preview":"max-image-preview:large","max-video-preview":"max-video-preview:-1"},"canonical":"https:\/\/bioclonerhealth.com\/en\/product\/dysza-0-2-mm\/","og_locale":"en_GB","og_type":"article","og_title":"Dysza 0.2 mm - BioCloner Health","og_description":"Dysza 0.2 mm to element do kartusza ze stali nierdzewnej, umo\u017cliwiaj\u0105cy precyzyjne drukowanie z polimer\u00f3w termoplastycznych. Specjalnie zaprojektowany kszta\u0142t redukuje napr\u0119\u017cenia wewn\u0105trz kartusza i eliminuje zatykanie dyszy.","og_url":"https:\/\/bioclonerhealth.com\/en\/product\/dysza-0-2-mm\/","og_site_name":"BioCloner Health","article_modified_time":"2025-10-15T10:01:44+00:00","og_image":[{"width":1200,"height":1200,"url":"https:\/\/bioclonerhealth.com\/wp-content\/uploads\/2025\/08\/Dysze-male-0.2.png","type":"image\/png"}],"twitter_card":"summary_large_image","schema":{"@context":"https:\/\/schema.org","@graph":[{"@type":"WebPage","@id":"https:\/\/bioclonerhealth.com\/product\/dysza-0-2-mm\/","url":"https:\/\/bioclonerhealth.com\/product\/dysza-0-2-mm\/","name":"Dysza 0.2 mm - BioCloner Health","isPartOf":{"@id":"https:\/\/bioclonerhealth.com\/#website"},"primaryImageOfPage":{"@id":"https:\/\/bioclonerhealth.com\/product\/dysza-0-2-mm\/#primaryimage"},"image":{"@id":"https:\/\/bioclonerhealth.com\/product\/dysza-0-2-mm\/#primaryimage"},"thumbnailUrl":"https:\/\/bioclonerhealth.com\/wp-content\/uploads\/2025\/08\/Dysze-male-0.2.png","datePublished":"2025-08-22T08:49:48+00:00","dateModified":"2025-10-15T10:01:44+00:00","breadcrumb":{"@id":"https:\/\/bioclonerhealth.com\/product\/dysza-0-2-mm\/#breadcrumb"},"inLanguage":"en-GB","potentialAction":[{"@type":"ReadAction","target":["https:\/\/bioclonerhealth.com\/product\/dysza-0-2-mm\/"]}]},{"@type":"ImageObject","inLanguage":"en-GB","@id":"https:\/\/bioclonerhealth.com\/product\/dysza-0-2-mm\/#primaryimage","url":"https:\/\/bioclonerhealth.com\/wp-content\/uploads\/2025\/08\/Dysze-male-0.2.png","contentUrl":"https:\/\/bioclonerhealth.com\/wp-content\/uploads\/2025\/08\/Dysze-male-0.2.png","width":1200,"height":1200},{"@type":"BreadcrumbList","@id":"https:\/\/bioclonerhealth.com\/product\/dysza-0-2-mm\/#breadcrumb","itemListElement":[{"@type":"ListItem","position":1,"name":"Strona g\u0142\u00f3wna","item":"https:\/\/bioclonerhealth.com\/en\/"},{"@type":"ListItem","position":2,"name":"Sklep","item":"https:\/\/bioclonerhealth.com\/en\/sklep\/"},{"@type":"ListItem","position":3,"name":"Dysza 0.2 mm"}]},{"@type":"WebSite","@id":"https:\/\/bioclonerhealth.com\/#website","url":"https:\/\/bioclonerhealth.com\/","name":"BioclonerHealth","description":"","publisher":{"@id":"https:\/\/bioclonerhealth.com\/#organization"},"potentialAction":[{"@type":"SearchAction","target":{"@type":"EntryPoint","urlTemplate":"https:\/\/bioclonerhealth.com\/?s={search_term_string}"},"query-input":{"@type":"PropertyValueSpecification","valueRequired":true,"valueName":"search_term_string"}}],"inLanguage":"en-GB"},{"@type":"Organization","@id":"https:\/\/bioclonerhealth.com\/#organization","name":"BioclonerHealth","url":"https:\/\/bioclonerhealth.com\/","logo":{"@type":"ImageObject","inLanguage":"en-GB","@id":"https:\/\/bioclonerhealth.com\/#\/schema\/logo\/image\/","url":"https:\/\/bioclonerhealth.com\/wp-content\/uploads\/2024\/05\/biocloner-health-white.svg","contentUrl":"https:\/\/bioclonerhealth.com\/wp-content\/uploads\/2024\/05\/biocloner-health-white.svg","caption":"BioclonerHealth"},"image":{"@id":"https:\/\/bioclonerhealth.com\/#\/schema\/logo\/image\/"}}]}},"_links":{"self":[{"href":"https:\/\/bioclonerhealth.com\/en\/wp-json\/wp\/v2\/product\/5163","targetHints":{"allow":["GET"]}}],"collection":[{"href":"https:\/\/bioclonerhealth.com\/en\/wp-json\/wp\/v2\/product"}],"about":[{"href":"https:\/\/bioclonerhealth.com\/en\/wp-json\/wp\/v2\/types\/product"}],"wp:featuredmedia":[{"embeddable":true,"href":"https:\/\/bioclonerhealth.com\/en\/wp-json\/wp\/v2\/media\/5164"}],"wp:attachment":[{"href":"https:\/\/bioclonerhealth.com\/en\/wp-json\/wp\/v2\/media?parent=5163"}],"wp:term":[{"taxonomy":"product_brand","embeddable":true,"href":"https:\/\/bioclonerhealth.com\/en\/wp-json\/wp\/v2\/product_brand?post=5163"},{"taxonomy":"product_cat","embeddable":true,"href":"https:\/\/bioclonerhealth.com\/en\/wp-json\/wp\/v2\/product_cat?post=5163"},{"taxonomy":"product_tag","embeddable":true,"href":"https:\/\/bioclonerhealth.com\/en\/wp-json\/wp\/v2\/product_tag?post=5163"}],"curies":[{"name":"wp","href":"https:\/\/api.w.org\/{rel}","templated":true}]}}