{"id":5167,"date":"2025-08-22T11:19:46","date_gmt":"2025-08-22T09:19:46","guid":{"rendered":"https:\/\/bioclonerhealth.testlive.nocadis.com\/?post_type=product&#038;p=5167"},"modified":"2025-10-15T11:59:59","modified_gmt":"2025-10-15T09:59:59","slug":"zestaw-tlok-pokretlo-do-tloka","status":"publish","type":"product","link":"https:\/\/bioclonerhealth.com\/en\/product\/zestaw-tlok-pokretlo-do-tloka\/","title":{"rendered":"Zestaw: T\u0142ok + Pokr\u0119t\u0142o do T\u0142oka"},"content":{"rendered":"<p data-start=\"221\" data-end=\"502\">Metalowy t\u0142ok do kartusza ze stali nierdzewnej pozwala na r\u00f3wnomierne i kontrolowane drukowanie z polimer\u00f3w termoplastycznych, takich jak PLA i PCL. Doskonale dopasowany do kartusza, co zapobiega nier\u00f3wnomiernemu przep\u0142ywowi materia\u0142u i zapewnia wysok\u0105 jako\u015b\u0107 wydruku.<\/p>\n<ul>\n<li data-start=\"529\" data-end=\"601\">zapewnia stabilny i r\u00f3wnomierny przep\u0142yw materia\u0142u podczas drukowania,<\/li>\n<li data-start=\"604\" data-end=\"678\">eliminuje ryzyko niekontrolowanego przesuwania si\u0119 materia\u0142u w kartuszu,<\/li>\n<li data-start=\"681\" data-end=\"760\">w zestawie pokr\u0119t\u0142o umo\u017cliwiaj\u0105ce \u0142atwe wyj\u0119cie t\u0142oka po zako\u0144czeniu druku,<\/li>\n<li data-start=\"763\" data-end=\"806\">kompatybilny z kartuszami metalowymi.<\/li>\n<\/ul>","protected":false},"excerpt":{"rendered":"<p>Metalowy t\u0142ok do kartusza (3 ml) ze stali nierdzewnej umo\u017cliwia r\u00f3wnomierne drukowanie z polimer\u00f3w termoplastycznych (PLA, PCL). Zapewnia stabilny przep\u0142yw materia\u0142u, eliminuje jego niekontrolowane przesuwanie i u\u0142atwia obs\u0142ug\u0119 dzi\u0119ki do\u0142\u0105czonemu pokr\u0119t\u0142u.<\/p>","protected":false},"featured_media":5169,"template":"","meta":{"_acf_changed":false},"product_brand":[],"product_cat":[50,48],"product_tag":[],"class_list":{"0":"post-5167","1":"product","2":"type-product","3":"status-publish","4":"has-post-thumbnail","6":"product_cat-akcesoria-do-biodrukarek","7":"product_cat-akcesoria-do-glowic","9":"first","10":"onbackorder","11":"shipping-taxable","12":"product-type-simple"},"acf":[],"yoast_head":"<!-- This site is optimized with the Yoast SEO plugin v24.4 - https:\/\/yoast.com\/wordpress\/plugins\/seo\/ -->\n<title>Zestaw: T\u0142ok + Pokr\u0119t\u0142o do T\u0142oka - BioCloner Health<\/title>\n<meta name=\"robots\" content=\"index, follow, max-snippet:-1, max-image-preview:large, max-video-preview:-1\" \/>\n<link rel=\"canonical\" href=\"https:\/\/bioclonerhealth.com\/en\/product\/zestaw-tlok-pokretlo-do-tloka\/\" \/>\n<meta property=\"og:locale\" content=\"en_GB\" \/>\n<meta property=\"og:type\" content=\"article\" \/>\n<meta property=\"og:title\" content=\"Zestaw: T\u0142ok + Pokr\u0119t\u0142o do T\u0142oka - BioCloner Health\" \/>\n<meta property=\"og:description\" content=\"Metalowy t\u0142ok do kartusza (3 ml) ze stali nierdzewnej umo\u017cliwia r\u00f3wnomierne drukowanie z polimer\u00f3w termoplastycznych (PLA, PCL). Zapewnia stabilny przep\u0142yw materia\u0142u, eliminuje jego niekontrolowane przesuwanie i u\u0142atwia obs\u0142ug\u0119 dzi\u0119ki do\u0142\u0105czonemu pokr\u0119t\u0142u.\" \/>\n<meta property=\"og:url\" content=\"https:\/\/bioclonerhealth.com\/en\/product\/zestaw-tlok-pokretlo-do-tloka\/\" \/>\n<meta property=\"og:site_name\" content=\"BioCloner Health\" \/>\n<meta property=\"article:modified_time\" content=\"2025-10-15T09:59:59+00:00\" \/>\n<meta property=\"og:image\" content=\"https:\/\/bioclonerhealth.com\/wp-content\/uploads\/2025\/08\/Tloki-3-szt.png\" \/>\n\t<meta property=\"og:image:width\" content=\"1200\" \/>\n\t<meta property=\"og:image:height\" content=\"1200\" \/>\n\t<meta property=\"og:image:type\" content=\"image\/png\" \/>\n<meta name=\"twitter:card\" content=\"summary_large_image\" \/>\n<script type=\"application\/ld+json\" class=\"yoast-schema-graph\">{\"@context\":\"https:\/\/schema.org\",\"@graph\":[{\"@type\":\"WebPage\",\"@id\":\"https:\/\/bioclonerhealth.com\/product\/zestaw-tlok-pokretlo-do-tloka\/\",\"url\":\"https:\/\/bioclonerhealth.com\/product\/zestaw-tlok-pokretlo-do-tloka\/\",\"name\":\"Zestaw: T\u0142ok + Pokr\u0119t\u0142o do T\u0142oka - BioCloner Health\",\"isPartOf\":{\"@id\":\"https:\/\/bioclonerhealth.com\/#website\"},\"primaryImageOfPage\":{\"@id\":\"https:\/\/bioclonerhealth.com\/product\/zestaw-tlok-pokretlo-do-tloka\/#primaryimage\"},\"image\":{\"@id\":\"https:\/\/bioclonerhealth.com\/product\/zestaw-tlok-pokretlo-do-tloka\/#primaryimage\"},\"thumbnailUrl\":\"https:\/\/bioclonerhealth.com\/wp-content\/uploads\/2025\/08\/Tloki-3-szt.png\",\"datePublished\":\"2025-08-22T09:19:46+00:00\",\"dateModified\":\"2025-10-15T09:59:59+00:00\",\"breadcrumb\":{\"@id\":\"https:\/\/bioclonerhealth.com\/product\/zestaw-tlok-pokretlo-do-tloka\/#breadcrumb\"},\"inLanguage\":\"en-GB\",\"potentialAction\":[{\"@type\":\"ReadAction\",\"target\":[\"https:\/\/bioclonerhealth.com\/product\/zestaw-tlok-pokretlo-do-tloka\/\"]}]},{\"@type\":\"ImageObject\",\"inLanguage\":\"en-GB\",\"@id\":\"https:\/\/bioclonerhealth.com\/product\/zestaw-tlok-pokretlo-do-tloka\/#primaryimage\",\"url\":\"https:\/\/bioclonerhealth.com\/wp-content\/uploads\/2025\/08\/Tloki-3-szt.png\",\"contentUrl\":\"https:\/\/bioclonerhealth.com\/wp-content\/uploads\/2025\/08\/Tloki-3-szt.png\",\"width\":1200,\"height\":1200},{\"@type\":\"BreadcrumbList\",\"@id\":\"https:\/\/bioclonerhealth.com\/product\/zestaw-tlok-pokretlo-do-tloka\/#breadcrumb\",\"itemListElement\":[{\"@type\":\"ListItem\",\"position\":1,\"name\":\"Strona g\u0142\u00f3wna\",\"item\":\"https:\/\/bioclonerhealth.com\/en\/\"},{\"@type\":\"ListItem\",\"position\":2,\"name\":\"Sklep\",\"item\":\"https:\/\/bioclonerhealth.com\/en\/sklep\/\"},{\"@type\":\"ListItem\",\"position\":3,\"name\":\"Zestaw: T\u0142ok + Pokr\u0119t\u0142o do T\u0142oka\"}]},{\"@type\":\"WebSite\",\"@id\":\"https:\/\/bioclonerhealth.com\/#website\",\"url\":\"https:\/\/bioclonerhealth.com\/\",\"name\":\"BioclonerHealth\",\"description\":\"\",\"publisher\":{\"@id\":\"https:\/\/bioclonerhealth.com\/#organization\"},\"potentialAction\":[{\"@type\":\"SearchAction\",\"target\":{\"@type\":\"EntryPoint\",\"urlTemplate\":\"https:\/\/bioclonerhealth.com\/?s={search_term_string}\"},\"query-input\":{\"@type\":\"PropertyValueSpecification\",\"valueRequired\":true,\"valueName\":\"search_term_string\"}}],\"inLanguage\":\"en-GB\"},{\"@type\":\"Organization\",\"@id\":\"https:\/\/bioclonerhealth.com\/#organization\",\"name\":\"BioclonerHealth\",\"url\":\"https:\/\/bioclonerhealth.com\/\",\"logo\":{\"@type\":\"ImageObject\",\"inLanguage\":\"en-GB\",\"@id\":\"https:\/\/bioclonerhealth.com\/#\/schema\/logo\/image\/\",\"url\":\"https:\/\/bioclonerhealth.com\/wp-content\/uploads\/2024\/05\/biocloner-health-white.svg\",\"contentUrl\":\"https:\/\/bioclonerhealth.com\/wp-content\/uploads\/2024\/05\/biocloner-health-white.svg\",\"caption\":\"BioclonerHealth\"},\"image\":{\"@id\":\"https:\/\/bioclonerhealth.com\/#\/schema\/logo\/image\/\"}}]}<\/script>\n<!-- \/ Yoast SEO plugin. -->","yoast_head_json":{"title":"Zestaw: T\u0142ok + Pokr\u0119t\u0142o do T\u0142oka - BioCloner Health","robots":{"index":"index","follow":"follow","max-snippet":"max-snippet:-1","max-image-preview":"max-image-preview:large","max-video-preview":"max-video-preview:-1"},"canonical":"https:\/\/bioclonerhealth.com\/en\/product\/zestaw-tlok-pokretlo-do-tloka\/","og_locale":"en_GB","og_type":"article","og_title":"Zestaw: T\u0142ok + Pokr\u0119t\u0142o do T\u0142oka - BioCloner Health","og_description":"Metalowy t\u0142ok do kartusza (3 ml) ze stali nierdzewnej umo\u017cliwia r\u00f3wnomierne drukowanie z polimer\u00f3w termoplastycznych (PLA, PCL). Zapewnia stabilny przep\u0142yw materia\u0142u, eliminuje jego niekontrolowane przesuwanie i u\u0142atwia obs\u0142ug\u0119 dzi\u0119ki do\u0142\u0105czonemu pokr\u0119t\u0142u.","og_url":"https:\/\/bioclonerhealth.com\/en\/product\/zestaw-tlok-pokretlo-do-tloka\/","og_site_name":"BioCloner Health","article_modified_time":"2025-10-15T09:59:59+00:00","og_image":[{"width":1200,"height":1200,"url":"https:\/\/bioclonerhealth.com\/wp-content\/uploads\/2025\/08\/Tloki-3-szt.png","type":"image\/png"}],"twitter_card":"summary_large_image","schema":{"@context":"https:\/\/schema.org","@graph":[{"@type":"WebPage","@id":"https:\/\/bioclonerhealth.com\/product\/zestaw-tlok-pokretlo-do-tloka\/","url":"https:\/\/bioclonerhealth.com\/product\/zestaw-tlok-pokretlo-do-tloka\/","name":"Zestaw: T\u0142ok + Pokr\u0119t\u0142o do T\u0142oka - BioCloner Health","isPartOf":{"@id":"https:\/\/bioclonerhealth.com\/#website"},"primaryImageOfPage":{"@id":"https:\/\/bioclonerhealth.com\/product\/zestaw-tlok-pokretlo-do-tloka\/#primaryimage"},"image":{"@id":"https:\/\/bioclonerhealth.com\/product\/zestaw-tlok-pokretlo-do-tloka\/#primaryimage"},"thumbnailUrl":"https:\/\/bioclonerhealth.com\/wp-content\/uploads\/2025\/08\/Tloki-3-szt.png","datePublished":"2025-08-22T09:19:46+00:00","dateModified":"2025-10-15T09:59:59+00:00","breadcrumb":{"@id":"https:\/\/bioclonerhealth.com\/product\/zestaw-tlok-pokretlo-do-tloka\/#breadcrumb"},"inLanguage":"en-GB","potentialAction":[{"@type":"ReadAction","target":["https:\/\/bioclonerhealth.com\/product\/zestaw-tlok-pokretlo-do-tloka\/"]}]},{"@type":"ImageObject","inLanguage":"en-GB","@id":"https:\/\/bioclonerhealth.com\/product\/zestaw-tlok-pokretlo-do-tloka\/#primaryimage","url":"https:\/\/bioclonerhealth.com\/wp-content\/uploads\/2025\/08\/Tloki-3-szt.png","contentUrl":"https:\/\/bioclonerhealth.com\/wp-content\/uploads\/2025\/08\/Tloki-3-szt.png","width":1200,"height":1200},{"@type":"BreadcrumbList","@id":"https:\/\/bioclonerhealth.com\/product\/zestaw-tlok-pokretlo-do-tloka\/#breadcrumb","itemListElement":[{"@type":"ListItem","position":1,"name":"Strona g\u0142\u00f3wna","item":"https:\/\/bioclonerhealth.com\/en\/"},{"@type":"ListItem","position":2,"name":"Sklep","item":"https:\/\/bioclonerhealth.com\/en\/sklep\/"},{"@type":"ListItem","position":3,"name":"Zestaw: T\u0142ok + Pokr\u0119t\u0142o do T\u0142oka"}]},{"@type":"WebSite","@id":"https:\/\/bioclonerhealth.com\/#website","url":"https:\/\/bioclonerhealth.com\/","name":"BioclonerHealth","description":"","publisher":{"@id":"https:\/\/bioclonerhealth.com\/#organization"},"potentialAction":[{"@type":"SearchAction","target":{"@type":"EntryPoint","urlTemplate":"https:\/\/bioclonerhealth.com\/?s={search_term_string}"},"query-input":{"@type":"PropertyValueSpecification","valueRequired":true,"valueName":"search_term_string"}}],"inLanguage":"en-GB"},{"@type":"Organization","@id":"https:\/\/bioclonerhealth.com\/#organization","name":"BioclonerHealth","url":"https:\/\/bioclonerhealth.com\/","logo":{"@type":"ImageObject","inLanguage":"en-GB","@id":"https:\/\/bioclonerhealth.com\/#\/schema\/logo\/image\/","url":"https:\/\/bioclonerhealth.com\/wp-content\/uploads\/2024\/05\/biocloner-health-white.svg","contentUrl":"https:\/\/bioclonerhealth.com\/wp-content\/uploads\/2024\/05\/biocloner-health-white.svg","caption":"BioclonerHealth"},"image":{"@id":"https:\/\/bioclonerhealth.com\/#\/schema\/logo\/image\/"}}]}},"_links":{"self":[{"href":"https:\/\/bioclonerhealth.com\/en\/wp-json\/wp\/v2\/product\/5167","targetHints":{"allow":["GET"]}}],"collection":[{"href":"https:\/\/bioclonerhealth.com\/en\/wp-json\/wp\/v2\/product"}],"about":[{"href":"https:\/\/bioclonerhealth.com\/en\/wp-json\/wp\/v2\/types\/product"}],"wp:featuredmedia":[{"embeddable":true,"href":"https:\/\/bioclonerhealth.com\/en\/wp-json\/wp\/v2\/media\/5169"}],"wp:attachment":[{"href":"https:\/\/bioclonerhealth.com\/en\/wp-json\/wp\/v2\/media?parent=5167"}],"wp:term":[{"taxonomy":"product_brand","embeddable":true,"href":"https:\/\/bioclonerhealth.com\/en\/wp-json\/wp\/v2\/product_brand?post=5167"},{"taxonomy":"product_cat","embeddable":true,"href":"https:\/\/bioclonerhealth.com\/en\/wp-json\/wp\/v2\/product_cat?post=5167"},{"taxonomy":"product_tag","embeddable":true,"href":"https:\/\/bioclonerhealth.com\/en\/wp-json\/wp\/v2\/product_tag?post=5167"}],"curies":[{"name":"wp","href":"https:\/\/api.w.org\/{rel}","templated":true}]}}