{"id":5174,"date":"2025-08-22T13:17:27","date_gmt":"2025-08-22T11:17:27","guid":{"rendered":"https:\/\/bioclonerhealth.testlive.nocadis.com\/?post_type=product&#038;p=5174"},"modified":"2025-10-15T11:31:08","modified_gmt":"2025-10-15T09:31:08","slug":"kartusz-ze-stali-nierdzewnej-3-ml","status":"publish","type":"product","link":"https:\/\/bioclonerhealth.com\/en\/product\/kartusz-ze-stali-nierdzewnej-3-ml\/","title":{"rendered":"Kartusz ze stali nierdzewnej (3 ml)"},"content":{"rendered":"<p data-start=\"90\" data-end=\"418\">Kartusz ze stali nierdzewnej o pojemno\u015bci 3 ml to element przeznaczony do druku z wykorzystaniem polimer\u00f3w termoplastycznych, takich jak PLA i PCL. Wykonany z wytrzyma\u0142ej stali nierdzewnej, odporny na wysok\u0105 temperatur\u0119, zapewnia niezawodny przep\u0142yw materia\u0142u podczas ca\u0142ego procesu druku.<\/p>\n<ul>\n<li data-start=\"445\" data-end=\"462\">pojemno\u015b\u0107 3 ml,<\/li>\n<li data-start=\"465\" data-end=\"494\">kompatybilny z g\u0142owic\u0105 HTP,<\/li>\n<li data-start=\"497\" data-end=\"559\">umo\u017cliwia drukowanie polimer\u00f3w termoplastycznych (PLA, PCL),<\/li>\n<li data-start=\"562\" data-end=\"648\">solidna stalowa konstrukcja gwarantuj\u0105ca trwa\u0142o\u015b\u0107 i odporno\u015b\u0107 na wysok\u0105 temperatur\u0119.<\/li>\n<\/ul>","protected":false},"excerpt":{"rendered":"<p>Kartusz ze stali nierdzewnej o pojemno\u015bci 3 ml to element przeznaczony do druku z wykorzystaniem polimer\u00f3w termoplastycznych, takich jak PLA i PCL. Wykonany z wytrzyma\u0142ej stali nierdzewnej, odporny na wysok\u0105 temperatur\u0119, zapewnia niezawodny przep\u0142yw materia\u0142u podczas ca\u0142ego procesu druku.<\/p>","protected":false},"featured_media":5175,"template":"","meta":{"_acf_changed":false},"product_brand":[],"product_cat":[50,48],"product_tag":[],"class_list":{"0":"post-5174","1":"product","2":"type-product","3":"status-publish","4":"has-post-thumbnail","6":"product_cat-akcesoria-do-biodrukarek","7":"product_cat-akcesoria-do-glowic","9":"first","10":"onbackorder","11":"shipping-taxable","12":"product-type-simple"},"acf":[],"yoast_head":"<!-- This site is optimized with the Yoast SEO plugin v24.4 - https:\/\/yoast.com\/wordpress\/plugins\/seo\/ -->\n<title>Kartusz ze stali nierdzewnej (3 ml) - BioCloner Health<\/title>\n<meta name=\"robots\" content=\"index, follow, max-snippet:-1, max-image-preview:large, max-video-preview:-1\" \/>\n<link rel=\"canonical\" href=\"https:\/\/bioclonerhealth.com\/en\/product\/kartusz-ze-stali-nierdzewnej-3-ml\/\" \/>\n<meta property=\"og:locale\" content=\"en_GB\" \/>\n<meta property=\"og:type\" content=\"article\" \/>\n<meta property=\"og:title\" content=\"Kartusz ze stali nierdzewnej (3 ml) - BioCloner Health\" \/>\n<meta property=\"og:description\" content=\"Kartusz ze stali nierdzewnej o pojemno\u015bci 3 ml to element przeznaczony do druku z wykorzystaniem polimer\u00f3w termoplastycznych, takich jak PLA i PCL. Wykonany z wytrzyma\u0142ej stali nierdzewnej, odporny na wysok\u0105 temperatur\u0119, zapewnia niezawodny przep\u0142yw materia\u0142u podczas ca\u0142ego procesu druku.\" \/>\n<meta property=\"og:url\" content=\"https:\/\/bioclonerhealth.com\/en\/product\/kartusz-ze-stali-nierdzewnej-3-ml\/\" \/>\n<meta property=\"og:site_name\" content=\"BioCloner Health\" \/>\n<meta property=\"article:modified_time\" content=\"2025-10-15T09:31:08+00:00\" \/>\n<meta property=\"og:image\" content=\"https:\/\/bioclonerhealth.com\/wp-content\/uploads\/2025\/08\/Kartusze-stalowe.png\" \/>\n\t<meta property=\"og:image:width\" content=\"1200\" \/>\n\t<meta property=\"og:image:height\" content=\"1200\" \/>\n\t<meta property=\"og:image:type\" content=\"image\/png\" \/>\n<meta name=\"twitter:card\" content=\"summary_large_image\" \/>\n<script type=\"application\/ld+json\" class=\"yoast-schema-graph\">{\"@context\":\"https:\/\/schema.org\",\"@graph\":[{\"@type\":\"WebPage\",\"@id\":\"https:\/\/bioclonerhealth.com\/en\/product\/kartusz-ze-stali-nierdzewnej-3-ml\/\",\"url\":\"https:\/\/bioclonerhealth.com\/en\/product\/kartusz-ze-stali-nierdzewnej-3-ml\/\",\"name\":\"Kartusz ze stali nierdzewnej (3 ml) - BioCloner Health\",\"isPartOf\":{\"@id\":\"https:\/\/bioclonerhealth.com\/#website\"},\"primaryImageOfPage\":{\"@id\":\"https:\/\/bioclonerhealth.com\/en\/product\/kartusz-ze-stali-nierdzewnej-3-ml\/#primaryimage\"},\"image\":{\"@id\":\"https:\/\/bioclonerhealth.com\/en\/product\/kartusz-ze-stali-nierdzewnej-3-ml\/#primaryimage\"},\"thumbnailUrl\":\"https:\/\/bioclonerhealth.com\/wp-content\/uploads\/2025\/08\/Kartusze-stalowe.png\",\"datePublished\":\"2025-08-22T11:17:27+00:00\",\"dateModified\":\"2025-10-15T09:31:08+00:00\",\"breadcrumb\":{\"@id\":\"https:\/\/bioclonerhealth.com\/en\/product\/kartusz-ze-stali-nierdzewnej-3-ml\/#breadcrumb\"},\"inLanguage\":\"en-GB\",\"potentialAction\":[{\"@type\":\"ReadAction\",\"target\":[\"https:\/\/bioclonerhealth.com\/en\/product\/kartusz-ze-stali-nierdzewnej-3-ml\/\"]}]},{\"@type\":\"ImageObject\",\"inLanguage\":\"en-GB\",\"@id\":\"https:\/\/bioclonerhealth.com\/en\/product\/kartusz-ze-stali-nierdzewnej-3-ml\/#primaryimage\",\"url\":\"https:\/\/bioclonerhealth.com\/wp-content\/uploads\/2025\/08\/Kartusze-stalowe.png\",\"contentUrl\":\"https:\/\/bioclonerhealth.com\/wp-content\/uploads\/2025\/08\/Kartusze-stalowe.png\",\"width\":1200,\"height\":1200},{\"@type\":\"BreadcrumbList\",\"@id\":\"https:\/\/bioclonerhealth.com\/en\/product\/kartusz-ze-stali-nierdzewnej-3-ml\/#breadcrumb\",\"itemListElement\":[{\"@type\":\"ListItem\",\"position\":1,\"name\":\"Strona g\u0142\u00f3wna\",\"item\":\"https:\/\/bioclonerhealth.com\/en\/\"},{\"@type\":\"ListItem\",\"position\":2,\"name\":\"Sklep\",\"item\":\"https:\/\/bioclonerhealth.com\/en\/sklep\/\"},{\"@type\":\"ListItem\",\"position\":3,\"name\":\"Kartusz ze stali nierdzewnej (3 ml)\"}]},{\"@type\":\"WebSite\",\"@id\":\"https:\/\/bioclonerhealth.com\/#website\",\"url\":\"https:\/\/bioclonerhealth.com\/\",\"name\":\"BioclonerHealth\",\"description\":\"\",\"publisher\":{\"@id\":\"https:\/\/bioclonerhealth.com\/#organization\"},\"potentialAction\":[{\"@type\":\"SearchAction\",\"target\":{\"@type\":\"EntryPoint\",\"urlTemplate\":\"https:\/\/bioclonerhealth.com\/?s={search_term_string}\"},\"query-input\":{\"@type\":\"PropertyValueSpecification\",\"valueRequired\":true,\"valueName\":\"search_term_string\"}}],\"inLanguage\":\"en-GB\"},{\"@type\":\"Organization\",\"@id\":\"https:\/\/bioclonerhealth.com\/#organization\",\"name\":\"BioclonerHealth\",\"url\":\"https:\/\/bioclonerhealth.com\/\",\"logo\":{\"@type\":\"ImageObject\",\"inLanguage\":\"en-GB\",\"@id\":\"https:\/\/bioclonerhealth.com\/#\/schema\/logo\/image\/\",\"url\":\"https:\/\/bioclonerhealth.com\/wp-content\/uploads\/2024\/05\/biocloner-health-white.svg\",\"contentUrl\":\"https:\/\/bioclonerhealth.com\/wp-content\/uploads\/2024\/05\/biocloner-health-white.svg\",\"caption\":\"BioclonerHealth\"},\"image\":{\"@id\":\"https:\/\/bioclonerhealth.com\/#\/schema\/logo\/image\/\"}}]}<\/script>\n<!-- \/ Yoast SEO plugin. -->","yoast_head_json":{"title":"Kartusz ze stali nierdzewnej (3 ml) - BioCloner Health","robots":{"index":"index","follow":"follow","max-snippet":"max-snippet:-1","max-image-preview":"max-image-preview:large","max-video-preview":"max-video-preview:-1"},"canonical":"https:\/\/bioclonerhealth.com\/en\/product\/kartusz-ze-stali-nierdzewnej-3-ml\/","og_locale":"en_GB","og_type":"article","og_title":"Kartusz ze stali nierdzewnej (3 ml) - BioCloner Health","og_description":"Kartusz ze stali nierdzewnej o pojemno\u015bci 3 ml to element przeznaczony do druku z wykorzystaniem polimer\u00f3w termoplastycznych, takich jak PLA i PCL. Wykonany z wytrzyma\u0142ej stali nierdzewnej, odporny na wysok\u0105 temperatur\u0119, zapewnia niezawodny przep\u0142yw materia\u0142u podczas ca\u0142ego procesu druku.","og_url":"https:\/\/bioclonerhealth.com\/en\/product\/kartusz-ze-stali-nierdzewnej-3-ml\/","og_site_name":"BioCloner Health","article_modified_time":"2025-10-15T09:31:08+00:00","og_image":[{"width":1200,"height":1200,"url":"https:\/\/bioclonerhealth.com\/wp-content\/uploads\/2025\/08\/Kartusze-stalowe.png","type":"image\/png"}],"twitter_card":"summary_large_image","schema":{"@context":"https:\/\/schema.org","@graph":[{"@type":"WebPage","@id":"https:\/\/bioclonerhealth.com\/en\/product\/kartusz-ze-stali-nierdzewnej-3-ml\/","url":"https:\/\/bioclonerhealth.com\/en\/product\/kartusz-ze-stali-nierdzewnej-3-ml\/","name":"Kartusz ze stali nierdzewnej (3 ml) - BioCloner Health","isPartOf":{"@id":"https:\/\/bioclonerhealth.com\/#website"},"primaryImageOfPage":{"@id":"https:\/\/bioclonerhealth.com\/en\/product\/kartusz-ze-stali-nierdzewnej-3-ml\/#primaryimage"},"image":{"@id":"https:\/\/bioclonerhealth.com\/en\/product\/kartusz-ze-stali-nierdzewnej-3-ml\/#primaryimage"},"thumbnailUrl":"https:\/\/bioclonerhealth.com\/wp-content\/uploads\/2025\/08\/Kartusze-stalowe.png","datePublished":"2025-08-22T11:17:27+00:00","dateModified":"2025-10-15T09:31:08+00:00","breadcrumb":{"@id":"https:\/\/bioclonerhealth.com\/en\/product\/kartusz-ze-stali-nierdzewnej-3-ml\/#breadcrumb"},"inLanguage":"en-GB","potentialAction":[{"@type":"ReadAction","target":["https:\/\/bioclonerhealth.com\/en\/product\/kartusz-ze-stali-nierdzewnej-3-ml\/"]}]},{"@type":"ImageObject","inLanguage":"en-GB","@id":"https:\/\/bioclonerhealth.com\/en\/product\/kartusz-ze-stali-nierdzewnej-3-ml\/#primaryimage","url":"https:\/\/bioclonerhealth.com\/wp-content\/uploads\/2025\/08\/Kartusze-stalowe.png","contentUrl":"https:\/\/bioclonerhealth.com\/wp-content\/uploads\/2025\/08\/Kartusze-stalowe.png","width":1200,"height":1200},{"@type":"BreadcrumbList","@id":"https:\/\/bioclonerhealth.com\/en\/product\/kartusz-ze-stali-nierdzewnej-3-ml\/#breadcrumb","itemListElement":[{"@type":"ListItem","position":1,"name":"Strona g\u0142\u00f3wna","item":"https:\/\/bioclonerhealth.com\/en\/"},{"@type":"ListItem","position":2,"name":"Sklep","item":"https:\/\/bioclonerhealth.com\/en\/sklep\/"},{"@type":"ListItem","position":3,"name":"Kartusz ze stali nierdzewnej (3 ml)"}]},{"@type":"WebSite","@id":"https:\/\/bioclonerhealth.com\/#website","url":"https:\/\/bioclonerhealth.com\/","name":"BioclonerHealth","description":"","publisher":{"@id":"https:\/\/bioclonerhealth.com\/#organization"},"potentialAction":[{"@type":"SearchAction","target":{"@type":"EntryPoint","urlTemplate":"https:\/\/bioclonerhealth.com\/?s={search_term_string}"},"query-input":{"@type":"PropertyValueSpecification","valueRequired":true,"valueName":"search_term_string"}}],"inLanguage":"en-GB"},{"@type":"Organization","@id":"https:\/\/bioclonerhealth.com\/#organization","name":"BioclonerHealth","url":"https:\/\/bioclonerhealth.com\/","logo":{"@type":"ImageObject","inLanguage":"en-GB","@id":"https:\/\/bioclonerhealth.com\/#\/schema\/logo\/image\/","url":"https:\/\/bioclonerhealth.com\/wp-content\/uploads\/2024\/05\/biocloner-health-white.svg","contentUrl":"https:\/\/bioclonerhealth.com\/wp-content\/uploads\/2024\/05\/biocloner-health-white.svg","caption":"BioclonerHealth"},"image":{"@id":"https:\/\/bioclonerhealth.com\/#\/schema\/logo\/image\/"}}]}},"_links":{"self":[{"href":"https:\/\/bioclonerhealth.com\/en\/wp-json\/wp\/v2\/product\/5174","targetHints":{"allow":["GET"]}}],"collection":[{"href":"https:\/\/bioclonerhealth.com\/en\/wp-json\/wp\/v2\/product"}],"about":[{"href":"https:\/\/bioclonerhealth.com\/en\/wp-json\/wp\/v2\/types\/product"}],"wp:featuredmedia":[{"embeddable":true,"href":"https:\/\/bioclonerhealth.com\/en\/wp-json\/wp\/v2\/media\/5175"}],"wp:attachment":[{"href":"https:\/\/bioclonerhealth.com\/en\/wp-json\/wp\/v2\/media?parent=5174"}],"wp:term":[{"taxonomy":"product_brand","embeddable":true,"href":"https:\/\/bioclonerhealth.com\/en\/wp-json\/wp\/v2\/product_brand?post=5174"},{"taxonomy":"product_cat","embeddable":true,"href":"https:\/\/bioclonerhealth.com\/en\/wp-json\/wp\/v2\/product_cat?post=5174"},{"taxonomy":"product_tag","embeddable":true,"href":"https:\/\/bioclonerhealth.com\/en\/wp-json\/wp\/v2\/product_tag?post=5174"}],"curies":[{"name":"wp","href":"https:\/\/api.w.org\/{rel}","templated":true}]}}